{"id":682,"date":"2022-05-18T15:54:45","date_gmt":"2022-05-18T13:54:45","guid":{"rendered":"https:\/\/ikskilesmaja.lv\/?page_id=682"},"modified":"2025-02-26T18:14:01","modified_gmt":"2025-02-26T16:14:01","slug":"kontakti","status":"publish","type":"page","link":"https:\/\/ikskilesmaja.lv\/?page_id=682","title":{"rendered":"Kontakti"},"content":{"rendered":"\t\t<div data-elementor-type=\"wp-page\" data-elementor-id=\"682\" class=\"elementor elementor-682\">\n\t\t\t\t\t\t\t\t\t<section class=\"elementor-section elementor-top-section elementor-element elementor-element-8e77f17 elementor-section-boxed elementor-section-height-default elementor-section-height-default\" data-id=\"8e77f17\" data-element_type=\"section\">\n\t\t\t\t\t\t<div class=\"elementor-container elementor-column-gap-default\">\n\t\t\t\t\t<div class=\"elementor-column elementor-col-100 elementor-top-column elementor-element elementor-element-d9e7928\" data-id=\"d9e7928\" data-element_type=\"column\">\n\t\t\t<div class=\"elementor-widget-wrap elementor-element-populated\">\n\t\t\t\t\t\t\t\t<div class=\"elementor-element elementor-element-0e55fab elementor-widget elementor-widget-heading\" data-id=\"0e55fab\" data-element_type=\"widget\" data-widget_type=\"heading.default\">\n\t\t\t\t<div class=\"elementor-widget-container\">\n\t\t\t<style>\/*! elementor - v3.15.0 - 20-08-2023 *\/\n.elementor-heading-title{padding:0;margin:0;line-height:1}.elementor-widget-heading .elementor-heading-title[class*=elementor-size-]>a{color:inherit;font-size:inherit;line-height:inherit}.elementor-widget-heading .elementor-heading-title.elementor-size-small{font-size:15px}.elementor-widget-heading .elementor-heading-title.elementor-size-medium{font-size:19px}.elementor-widget-heading .elementor-heading-title.elementor-size-large{font-size:29px}.elementor-widget-heading .elementor-heading-title.elementor-size-xl{font-size:39px}.elementor-widget-heading .elementor-heading-title.elementor-size-xxl{font-size:59px}<\/style><h2 class=\"elementor-heading-title elementor-size-default\">AV\u0100RIJAS DIENESTS (\u0101rpus darba laika)         T\u0101lr. 26664498<\/h2>\t\t<\/div>\n\t\t\t\t<\/div>\n\t\t\t\t<div class=\"elementor-element elementor-element-912d293 elementor-widget elementor-widget-heading\" data-id=\"912d293\" data-element_type=\"widget\" data-widget_type=\"heading.default\">\n\t\t\t\t<div class=\"elementor-widget-container\">\n\t\t\t<h3 class=\"elementor-heading-title elementor-size-default\">SIA \u201cIk\u0161\u0137iles m\u0101ja\u201d e-pasta adrese: birojs@ikskilesmaja.lv<\/h3>\t\t<\/div>\n\t\t\t\t<\/div>\n\t\t\t\t<div class=\"elementor-element elementor-element-239bd95 elementor-widget elementor-widget-text-editor\" data-id=\"239bd95\" data-element_type=\"widget\" data-widget_type=\"text-editor.default\">\n\t\t\t\t<div class=\"elementor-widget-container\">\n\t\t\t<style>\/*! elementor - v3.15.0 - 20-08-2023 *\/\n.elementor-widget-text-editor.elementor-drop-cap-view-stacked .elementor-drop-cap{background-color:#69727d;color:#fff}.elementor-widget-text-editor.elementor-drop-cap-view-framed .elementor-drop-cap{color:#69727d;border:3px solid;background-color:transparent}.elementor-widget-text-editor:not(.elementor-drop-cap-view-default) .elementor-drop-cap{margin-top:8px}.elementor-widget-text-editor:not(.elementor-drop-cap-view-default) .elementor-drop-cap-letter{width:1em;height:1em}.elementor-widget-text-editor .elementor-drop-cap{float:left;text-align:center;line-height:1;font-size:50px}.elementor-widget-text-editor .elementor-drop-cap-letter{display:inline-block}<\/style>\t\t\t\t<h3>SIA \u201cIk\u0161\u0137iles M\u0101ja\u201d re\u0123istr\u0101cijas Nr.40103416198<br \/>Juridisk\u0101 adrese Peldu iela 22 , Ik\u0161\u0137ile, LV-5052<br \/>PVN re\u0123.nr. LV40103416198<br \/>Banka: AS \u201cSEB banka\u201d<br \/>Konta nr.: LV44UNLA0050017043444<br \/>Bankas kods: UNLALV2X<\/h3>\t\t\t\t\t\t<\/div>\n\t\t\t\t<\/div>\n\t\t\t\t\t<\/div>\n\t\t<\/div>\n\t\t\t\t\t\t\t<\/div>\n\t\t<\/section>\n\t\t\t\t<section class=\"elementor-section elementor-top-section elementor-element elementor-element-bfe1bab elementor-section-boxed elementor-section-height-default elementor-section-height-default\" data-id=\"bfe1bab\" data-element_type=\"section\">\n\t\t\t\t\t\t<div class=\"elementor-container elementor-column-gap-default\">\n\t\t\t\t\t<div class=\"elementor-column elementor-col-100 elementor-top-column elementor-element elementor-element-a3ca3ba\" data-id=\"a3ca3ba\" data-element_type=\"column\">\n\t\t\t<div class=\"elementor-widget-wrap elementor-element-populated\">\n\t\t\t\t\t\t\t\t<div class=\"elementor-element elementor-element-605742f elementor-widget elementor-widget-accordion\" data-id=\"605742f\" data-element_type=\"widget\" data-widget_type=\"accordion.default\">\n\t\t\t\t<div class=\"elementor-widget-container\">\n\t\t\t<style>\/*! elementor - v3.15.0 - 20-08-2023 *\/\n.elementor-accordion{text-align:left}.elementor-accordion .elementor-accordion-item{border:1px solid #d5d8dc}.elementor-accordion .elementor-accordion-item+.elementor-accordion-item{border-top:none}.elementor-accordion .elementor-tab-title{margin:0;padding:15px 20px;font-weight:700;line-height:1;cursor:pointer;outline:none}.elementor-accordion .elementor-tab-title .elementor-accordion-icon{display:inline-block;width:1.5em}.elementor-accordion .elementor-tab-title .elementor-accordion-icon svg{width:1em;height:1em}.elementor-accordion .elementor-tab-title .elementor-accordion-icon.elementor-accordion-icon-right{float:right;text-align:right}.elementor-accordion .elementor-tab-title .elementor-accordion-icon.elementor-accordion-icon-left{float:left;text-align:left}.elementor-accordion .elementor-tab-title .elementor-accordion-icon .elementor-accordion-icon-closed{display:block}.elementor-accordion .elementor-tab-title .elementor-accordion-icon .elementor-accordion-icon-opened,.elementor-accordion .elementor-tab-title.elementor-active .elementor-accordion-icon-closed{display:none}.elementor-accordion .elementor-tab-title.elementor-active .elementor-accordion-icon-opened{display:block}.elementor-accordion .elementor-tab-content{display:none;padding:15px 20px;border-top:1px solid #d5d8dc}@media (max-width:767px){.elementor-accordion .elementor-tab-title{padding:12px 15px}.elementor-accordion .elementor-tab-title .elementor-accordion-icon{width:1.2em}.elementor-accordion .elementor-tab-content{padding:7px 15px}}.e-con-inner>.elementor-widget-accordion,.e-con>.elementor-widget-accordion{width:var(--container-widget-width);--flex-grow:var(--container-widget-flex-grow)}<\/style>\t\t<div class=\"elementor-accordion\">\n\t\t\t\t\t\t\t<div class=\"elementor-accordion-item\">\n\t\t\t\t\t<div id=\"elementor-tab-title-1011\" class=\"elementor-tab-title\" data-tab=\"1\" role=\"button\" aria-controls=\"elementor-tab-content-1011\" aria-expanded=\"false\">\n\t\t\t\t\t\t\t\t\t\t\t\t\t<span class=\"elementor-accordion-icon elementor-accordion-icon-left\" aria-hidden=\"true\">\n\t\t\t\t\t\t\t\t\t\t\t\t\t\t\t<span class=\"elementor-accordion-icon-closed\"><i class=\"fas fa-plus\"><\/i><\/span>\n\t\t\t\t\t\t\t\t<span class=\"elementor-accordion-icon-opened\"><i class=\"fas fa-minus\"><\/i><\/span>\n\t\t\t\t\t\t\t\t\t\t\t\t\t\t<\/span>\n\t\t\t\t\t\t\t\t\t\t\t\t<a class=\"elementor-accordion-title\" tabindex=\"0\">ADMINISTR\u0100CIJA<\/a>\n\t\t\t\t\t<\/div>\n\t\t\t\t\t<div id=\"elementor-tab-content-1011\" class=\"elementor-tab-content elementor-clearfix\" data-tab=\"1\" role=\"region\" aria-labelledby=\"elementor-tab-title-1011\"><table width=\"719\"><tbody><tr><td width=\"150\"><strong>Aigars Briedis<\/strong><\/td><td width=\"219\">Valdes priek\u0161s\u0113d\u0113t\u0101js<\/td><td width=\"142\">T\u0101lr. <strong>26525838<\/strong><\/td><td width=\"209\">e-pasta adrese: <a href=\"mailto:aigars.briedis@ikskilesmaja.lv\">aigars.briedis@ikskilesmaja.lv<\/a><\/td><\/tr><tr><td width=\"150\"><strong>Iveta Laganovska<\/strong><\/td><td width=\"219\">Biroja vad\u012bt\u0101ja<\/td><td width=\"142\">T\u0101lr.<strong> 65030316<\/strong><\/td><td width=\"209\">e-pasta adrese: <a href=\"mailto:birojs@ikskilesmaja.lv\">birojs@ikskilesmaja.lv<\/a><\/td><\/tr><tr><td width=\"150\"><strong>Inga Vegnere<\/strong><\/td><td width=\"219\">Galven\u0101 gr\u0101matvede<\/td><td width=\"142\">T\u0101lr. <strong>20207966<\/strong><\/td><td width=\"209\">e-pasta adrese: <a href=\"mailto:inga.vegnere@ikskilesmaja.lv\">inga.vegnere@ikskilesmaja.lv<\/a><\/td><\/tr><tr><td width=\"150\"><strong>Je\u013cena Vakara<\/strong><\/td><td width=\"219\">Gr\u0101matvede (jaut\u0101jumos par r\u0113\u0137iniem)<\/td><td width=\"142\"><p>T\u0101lr. <strong>65030249 <\/strong><\/p><p>T\u0101lr. <strong>25629115<\/strong><\/p><\/td><td width=\"209\">e-pasta adrese: <a href=\"mailto:jelena.vakara@ikskilesmaja.lv\">jelena.vakara@ikskilesmaja.lv<\/a><\/td><\/tr><tr><td width=\"150\"><strong>Ilze Kozule<\/strong><\/td><td width=\"219\">Juriste<\/td><td width=\"142\">T\u0101lr. <strong>26698673<\/strong><\/td><td width=\"209\">e-pasta adrese: <a href=\"mailto:ilze.kozule@ikskilesmaja.lv\">ilze.kozule@ikskilesmaja.lv<\/a><\/td><\/tr><tr><td width=\"150\"><strong>U\u0123is Znoti\u0146\u0161\u00a0\u00a0\u00a0\u00a0 <\/strong><\/td><td width=\"219\">Darba aizsardz\u012bbas vec\u0101kais speci\u0101lists<\/td><td width=\"142\">T\u0101lr. <strong>22027755<\/strong><\/td><td width=\"209\">e-pasta adrese: <a href=\"mailto:ugis.znotins@ikskilesmaja.lv\">ugis.znotins@ikskilesmaja.lv<\/a><\/td><\/tr><tr><td width=\"150\"><strong>Raivis Gr\u016bbe<\/strong><\/td><td width=\"219\">Datu aizsardz\u012bbas speci\u0101lists<\/td><td width=\"142\">T\u0101lr. <strong>29111416 <\/strong><a href=\"mailto:%20raivis@grubesbirojs.lv\">\u00a0<\/a><\/td><td width=\"209\">e-pasta adrese: <a href=\"mailto:%20raivis@grubesbirojs.lv\">\u00a0raivis@grubesbirojs.lv<\/a><\/td><\/tr><tr><td width=\"150\"><strong>Viesturs Gr\u016bbe<\/strong><\/td><td width=\"219\">Datu aizsardz\u012bbas speci\u0101lists<\/td><td width=\"142\">T\u0101lr. <strong>26951550<\/strong><\/td><td width=\"209\">e-pasta adrese: <a href=\"mailto:%20viesturs@grubesbirojs.lv\">\u00a0viesturs@grubesbirojs.lv<\/a><\/td><\/tr><\/tbody><\/table><\/div>\n\t\t\t\t<\/div>\n\t\t\t\t\t\t\t<div class=\"elementor-accordion-item\">\n\t\t\t\t\t<div id=\"elementor-tab-title-1012\" class=\"elementor-tab-title\" data-tab=\"2\" role=\"button\" aria-controls=\"elementor-tab-content-1012\" aria-expanded=\"false\">\n\t\t\t\t\t\t\t\t\t\t\t\t\t<span class=\"elementor-accordion-icon elementor-accordion-icon-left\" aria-hidden=\"true\">\n\t\t\t\t\t\t\t\t\t\t\t\t\t\t\t<span class=\"elementor-accordion-icon-closed\"><i class=\"fas fa-plus\"><\/i><\/span>\n\t\t\t\t\t\t\t\t<span class=\"elementor-accordion-icon-opened\"><i class=\"fas fa-minus\"><\/i><\/span>\n\t\t\t\t\t\t\t\t\t\t\t\t\t\t<\/span>\n\t\t\t\t\t\t\t\t\t\t\t\t<a class=\"elementor-accordion-title\" tabindex=\"0\">SILTUMAPG\u0100DES UN DZ\u012aVOJAMO M\u0100JU APSAIMNIEKO\u0160ANAS DIENESTS<\/a>\n\t\t\t\t\t<\/div>\n\t\t\t\t\t<div id=\"elementor-tab-content-1012\" class=\"elementor-tab-content elementor-clearfix\" data-tab=\"2\" role=\"region\" aria-labelledby=\"elementor-tab-title-1012\"><table width=\"718\"><tbody><tr><td width=\"151\"><p><strong>Dace Kizino<\/strong>\u00a0\u00a0\u00a0\u00a0<\/p><\/td><td width=\"217\"><p>Siltumapg\u0101des un dz\u012bvojamo m\u0101ju apsaimnieko\u0161anas dienesta vad\u012bt\u0101ja\u00a0<\/p><\/td><td width=\"142\"><p>T\u0101lr. <strong>25444127<\/strong><\/p><\/td><td width=\"208\"><p>e-pasta adrese: <a href=\"mailto:dace.kizino@ikskilesmaja.lv\">dace.kizino@ikskilesmaja.lv<\/a><\/p><\/td><\/tr><\/tbody><\/table><\/div>\n\t\t\t\t<\/div>\n\t\t\t\t\t\t\t<div class=\"elementor-accordion-item\">\n\t\t\t\t\t<div id=\"elementor-tab-title-1013\" class=\"elementor-tab-title\" data-tab=\"3\" role=\"button\" aria-controls=\"elementor-tab-content-1013\" aria-expanded=\"false\">\n\t\t\t\t\t\t\t\t\t\t\t\t\t<span class=\"elementor-accordion-icon elementor-accordion-icon-left\" aria-hidden=\"true\">\n\t\t\t\t\t\t\t\t\t\t\t\t\t\t\t<span class=\"elementor-accordion-icon-closed\"><i class=\"fas fa-plus\"><\/i><\/span>\n\t\t\t\t\t\t\t\t<span class=\"elementor-accordion-icon-opened\"><i class=\"fas fa-minus\"><\/i><\/span>\n\t\t\t\t\t\t\t\t\t\t\t\t\t\t<\/span>\n\t\t\t\t\t\t\t\t\t\t\t\t<a class=\"elementor-accordion-title\" tabindex=\"0\">\u016aDENSSAIMNIEC\u012aBAS DIENESTS<\/a>\n\t\t\t\t\t<\/div>\n\t\t\t\t\t<div id=\"elementor-tab-content-1013\" class=\"elementor-tab-content elementor-clearfix\" data-tab=\"3\" role=\"region\" aria-labelledby=\"elementor-tab-title-1013\"><table width=\"718\"><tbody><tr><td width=\"151\"><p><strong>U\u0123is Plaudis<\/strong>\u00a0<\/p><p><strong>\u00a0<\/strong><\/p><\/td><td width=\"217\"><p>\u016adenssaimniec\u012bbas dienesta vad\u012bt\u0101js<\/p><\/td><td width=\"142\"><p>T\u0101lr.<strong> 27333124<\/strong><\/p><\/td><td width=\"208\"><p>e-pasta adrese: <a href=\"mailto:ugis.plaudis@ikskilesmaja.lv\">ugis.plaudis@ikskilesmaja.lv<\/a><\/p><\/td><\/tr><tr><td width=\"151\"><p><strong>Vilis Bite\u00a0 <\/strong><\/p><\/td><td width=\"217\"><p><strong>\u016adensapg\u0101des un kanaliz\u0101cijas sist\u0113mu tehn<\/strong><strong>i\u0137is<\/strong><\/p><\/td><td width=\"142\"><p>T\u0101lr. <strong>27844103<\/strong><\/p><\/td><td width=\"208\"><p>e-pasta adrese: <a href=\"mailto:vilis.bite@ikskilesmaja.lv\">vilis.bite@ikskilesmaja.lv<\/a><\/p><\/td><\/tr><\/tbody><\/table><\/div>\n\t\t\t\t<\/div>\n\t\t\t\t\t\t\t<div class=\"elementor-accordion-item\">\n\t\t\t\t\t<div id=\"elementor-tab-title-1014\" class=\"elementor-tab-title\" data-tab=\"4\" role=\"button\" aria-controls=\"elementor-tab-content-1014\" aria-expanded=\"false\">\n\t\t\t\t\t\t\t\t\t\t\t\t\t<span class=\"elementor-accordion-icon elementor-accordion-icon-left\" aria-hidden=\"true\">\n\t\t\t\t\t\t\t\t\t\t\t\t\t\t\t<span class=\"elementor-accordion-icon-closed\"><i class=\"fas fa-plus\"><\/i><\/span>\n\t\t\t\t\t\t\t\t<span class=\"elementor-accordion-icon-opened\"><i class=\"fas fa-minus\"><\/i><\/span>\n\t\t\t\t\t\t\t\t\t\t\t\t\t\t<\/span>\n\t\t\t\t\t\t\t\t\t\t\t\t<a class=\"elementor-accordion-title\" tabindex=\"0\">LABIEK\u0100RTO\u0160ANAS DIENESTS<\/a>\n\t\t\t\t\t<\/div>\n\t\t\t\t\t<div id=\"elementor-tab-content-1014\" class=\"elementor-tab-content elementor-clearfix\" data-tab=\"4\" role=\"region\" aria-labelledby=\"elementor-tab-title-1014\"><table width=\"718\">\n<tbody>\n<tr>\n<td width=\"151\"><strong>L\u012bga Ozoli\u0146a<\/strong><\/td>\n<td width=\"222\">Labiek\u0101rto\u0161anas dienesta vad\u012bt\u0101ja<\/td>\n<td width=\"138\">T\u0101lr. <strong>26266636<\/strong><\/td>\n<td width=\"207\">e-pasta adrese: <a href=\"mailto:liga.ozolina@ikskilesmaja.lv\">liga.ozolina@ikskilesmaja.lv<\/a><\/td>\n<\/tr>\n<tr>\n<td width=\"151\"><strong>Aigars Kerze\u00a0\u00a0 <\/strong><\/td>\n<td width=\"222\">LD vad\u012bt\u0101ja vietnieks (jaut\u0101jumos par ce\u013ciem)<strong>\u00a0 <\/strong><\/td>\n<td width=\"138\">T\u0101lr. <strong>26545515<\/strong><\/td>\n<td width=\"207\">e-pasta adrese: <a href=\"mailto:aigars.kerze@ikskilesmaja.lv\">aigars.kerze@ikskilesmaja.lv<\/a><\/td>\n<\/tr>\n<tr>\n<td width=\"151\"><strong>Brigita Mi\u010durova<\/strong><\/td>\n<td width=\"222\">Ik\u0161\u0137iles pils\u0113tas kapu p\u0101rzine<\/td>\n<td width=\"138\">T\u0101lr.<strong> 29254897<\/strong>\n\n<strong>\u00a0<\/strong><\/td>\n<td width=\"207\">e-pasta adrese: <a href=\"mailto:brigita.micurova@ikskilesmaja.lv\">brigita.micurova@ikskilesmaja.lv<\/a><\/td>\n<\/tr>\n<tr>\n<td width=\"151\"><strong>Inese Ozola-Liv\u010d\u0101ne<\/strong><\/td>\n<td width=\"222\">Lazdukalnu kapu p\u0101rzine<\/td>\n<td width=\"138\">T\u0101lr. <strong>26649856<\/strong><\/td>\n<td width=\"207\">e-pasta adrese: <a href=\"mailto:inese.ozola-livcane@ikskilesmaja.lv\">inese.ozola-livcane@ikskilesmaja.lv<\/a><\/td>\n<\/tr>\n<\/tbody>\n<\/table><\/div>\n\t\t\t\t<\/div>\n\t\t\t\t\t\t\t\t<\/div>\n\t\t\t\t<\/div>\n\t\t\t\t<\/div>\n\t\t\t\t\t<\/div>\n\t\t<\/div>\n\t\t\t\t\t\t\t<\/div>\n\t\t<\/section>\n\t\t\t\t<section class=\"elementor-section elementor-top-section elementor-element elementor-element-3ec78c3 elementor-section-boxed elementor-section-height-default elementor-section-height-default\" data-id=\"3ec78c3\" data-element_type=\"section\">\n\t\t\t\t\t\t<div class=\"elementor-container elementor-column-gap-default\">\n\t\t\t\t\t<div class=\"elementor-column elementor-col-100 elementor-top-column elementor-element elementor-element-7b68449\" data-id=\"7b68449\" data-element_type=\"column\">\n\t\t\t<div class=\"elementor-widget-wrap elementor-element-populated\">\n\t\t\t\t\t\t\t\t<div class=\"elementor-element elementor-element-643540a elementor-widget elementor-widget-spacer\" data-id=\"643540a\" data-element_type=\"widget\" data-widget_type=\"spacer.default\">\n\t\t\t\t<div class=\"elementor-widget-container\">\n\t\t\t<style>\/*! elementor - v3.15.0 - 20-08-2023 *\/\n.elementor-column .elementor-spacer-inner{height:var(--spacer-size)}.e-con{--container-widget-width:100%}.e-con-inner>.elementor-widget-spacer,.e-con>.elementor-widget-spacer{width:var(--container-widget-width,var(--spacer-size));--align-self:var(--container-widget-align-self,initial);--flex-shrink:0}.e-con-inner>.elementor-widget-spacer>.elementor-widget-container,.e-con-inner>.elementor-widget-spacer>.elementor-widget-container>.elementor-spacer,.e-con>.elementor-widget-spacer>.elementor-widget-container,.e-con>.elementor-widget-spacer>.elementor-widget-container>.elementor-spacer{height:100%}.e-con-inner>.elementor-widget-spacer>.elementor-widget-container>.elementor-spacer>.elementor-spacer-inner,.e-con>.elementor-widget-spacer>.elementor-widget-container>.elementor-spacer>.elementor-spacer-inner{height:var(--container-widget-height,var(--spacer-size))}<\/style>\t\t<div class=\"elementor-spacer\">\n\t\t\t<div class=\"elementor-spacer-inner\"><\/div>\n\t\t<\/div>\n\t\t\t\t<\/div>\n\t\t\t\t<\/div>\n\t\t\t\t<div class=\"elementor-element elementor-element-c45a8d0 elementor-widget elementor-widget-text-editor\" data-id=\"c45a8d0\" data-element_type=\"widget\" data-widget_type=\"text-editor.default\">\n\t\t\t\t<div class=\"elementor-widget-container\">\n\t\t\t\t\t\t\t<p>Sazi\u0146ai aicin\u0101m izmantot<strong> e-adresi<\/strong>, jo sevi\u0161\u0137i gad\u012bjumos, kad nepiecie\u0161ams nodot fizisk\u0101s personas datus, komercinform\u0101ciju un citu aizsarg\u0101jamu inform\u0101ciju.<\/p>\t\t\t\t\t\t<\/div>\n\t\t\t\t<\/div>\n\t\t\t\t<div class=\"elementor-element elementor-element-a8aba55 elementor-widget elementor-widget-heading\" data-id=\"a8aba55\" data-element_type=\"widget\" data-widget_type=\"heading.default\">\n\t\t\t\t<div class=\"elementor-widget-container\">\n\t\t\t<h2 class=\"elementor-heading-title elementor-size-default\">Darba laiks:<\/h2>\t\t<\/div>\n\t\t\t\t<\/div>\n\t\t\t\t\t<\/div>\n\t\t<\/div>\n\t\t\t\t\t\t\t<\/div>\n\t\t<\/section>\n\t\t\t\t<section class=\"elementor-section elementor-top-section elementor-element elementor-element-3149202 elementor-section-boxed elementor-section-height-default elementor-section-height-default\" data-id=\"3149202\" data-element_type=\"section\">\n\t\t\t\t\t\t<div class=\"elementor-container elementor-column-gap-default\">\n\t\t\t\t\t<div class=\"elementor-column elementor-col-100 elementor-top-column elementor-element elementor-element-bbbbb85\" data-id=\"bbbbb85\" data-element_type=\"column\">\n\t\t\t<div class=\"elementor-widget-wrap elementor-element-populated\">\n\t\t\t\t\t\t\t\t<div class=\"elementor-element elementor-element-8b80e60 elementor-widget elementor-widget-image\" data-id=\"8b80e60\" data-element_type=\"widget\" data-widget_type=\"image.default\">\n\t\t\t\t<div class=\"elementor-widget-container\">\n\t\t\t<style>\/*! elementor - v3.15.0 - 20-08-2023 *\/\n.elementor-widget-image{text-align:center}.elementor-widget-image a{display:inline-block}.elementor-widget-image a img[src$=\".svg\"]{width:48px}.elementor-widget-image img{vertical-align:middle;display:inline-block}<\/style>\t\t\t\t\t\t\t\t\t\t\t\t<img loading=\"lazy\" decoding=\"async\" width=\"581\" height=\"341\" src=\"https:\/\/ikskilesmaja.lv\/wp-content\/uploads\/2020\/11\/darbalaiks_v2.jpg\" class=\"attachment-large size-large wp-image-110\" alt=\"Darba laiks\" srcset=\"https:\/\/ikskilesmaja.lv\/wp-content\/uploads\/2020\/11\/darbalaiks_v2.jpg 581w, https:\/\/ikskilesmaja.lv\/wp-content\/uploads\/2020\/11\/darbalaiks_v2-400x235.jpg 400w\" sizes=\"(max-width: 581px) 100vw, 581px\" \/>\t\t\t\t\t\t\t\t\t\t\t\t\t\t\t<\/div>\n\t\t\t\t<\/div>\n\t\t\t\t<div class=\"elementor-element elementor-element-07e709a elementor-widget elementor-widget-heading\" data-id=\"07e709a\" data-element_type=\"widget\" data-widget_type=\"heading.default\">\n\t\t\t\t<div class=\"elementor-widget-container\">\n\t\t\t<h2 class=\"elementor-heading-title elementor-size-default\">Karte:<\/h2>\t\t<\/div>\n\t\t\t\t<\/div>\n\t\t\t\t\t<\/div>\n\t\t<\/div>\n\t\t\t\t\t\t\t<\/div>\n\t\t<\/section>\n\t\t\t\t<section class=\"elementor-section elementor-top-section elementor-element elementor-element-a231d7f elementor-section-boxed elementor-section-height-default elementor-section-height-default\" data-id=\"a231d7f\" data-element_type=\"section\">\n\t\t\t\t\t\t<div class=\"elementor-container elementor-column-gap-default\">\n\t\t\t\t\t<div class=\"elementor-column elementor-col-100 elementor-top-column elementor-element elementor-element-2324210\" data-id=\"2324210\" data-element_type=\"column\">\n\t\t\t<div class=\"elementor-widget-wrap elementor-element-populated\">\n\t\t\t\t\t\t\t\t<div class=\"elementor-element elementor-element-05ad010 elementor-widget elementor-widget-shortcode\" data-id=\"05ad010\" data-element_type=\"widget\" data-widget_type=\"shortcode.default\">\n\t\t\t\t<div class=\"elementor-widget-container\">\n\t\t\t\t\t<div class=\"elementor-shortcode\"><div id=\"wpgmza_map\" class=\"wpgmza_map\" data-settings='{\"id\":\"1\",\"map_title\":\"Karte-1\",\"map_width\":\"100\",\"map_height\":\"400\",\"map_start_lat\":\"56.830210799350084\",\"map_start_lng\":\"24.491776972004054\",\"map_start_location\":\"45.950464398418106,-109.81550500000003\",\"map_start_zoom\":\"16\",\"default_marker\":\"\",\"type\":\"0\",\"alignment\":\"4\",\"directions_enabled\":\"0\",\"styling_enabled\":\"0\",\"styling_json\":\"\",\"active\":\"0\",\"kml\":\"\",\"bicycle\":\"0\",\"traffic\":\"0\",\"dbox\":\"0\",\"dbox_width\":\"\",\"listmarkers\":\"0\",\"listmarkers_advanced\":\"0\",\"filterbycat\":\"0\",\"ugm_enabled\":\"0\",\"ugm_category_enabled\":\"0\",\"fusion\":\"\",\"map_width_type\":\"%\",\"map_height_type\":\"px\",\"mass_marker_support\":\"0\",\"ugm_access\":\"0\",\"order_markers_by\":\"0\",\"order_markers_choice\":\"0\",\"show_user_location\":\"0\",\"default_to\":\"\",\"other_settings\":{\"map_type\":1,\"sl_stroke_color\":\"\",\"sl_fill_color\":\"\",\"sl_stroke_opacity\":\"\",\"sl_fill_opacity\":\"\",\"transport_layer\":false,\"action\":\"wpgmza_save_map\",\"redirect_to\":\"\\\/wp-admin\\\/admin-post.php\",\"map_id\":\"1\",\"http_referer\":\"\\\/wp-admin\\\/admin.php?page=wp-google-maps-menu&amp;amp;action=edit&amp;amp;map_id=1\",\"wpgmza_id\":\"1\",\"wpgmza_start_location\":\"56.830210799350084,24.491776972004054\",\"wpgmza_start_zoom\":\"16\",\"store_locator_enabled\":false,\"store_locator_search_area\":\"radial\",\"wpgmza_store_locator_radius_style\":\"legacy\",\"wpgmza_store_locator_default_radius\":\"10\",\"store_locator_auto_area_max_zoom\":\"\",\"store_locator_distance\":false,\"wpgmza_store_locator_position\":false,\"store_locator_show_distance\":false,\"store_locator_category\":false,\"wpgmza_store_locator_use_their_location\":false,\"wpgmza_store_locator_bounce\":false,\"wpgmza_sl_animation\":null,\"wpgmza_store_locator_hide_before_search\":false,\"store_locator_query_string\":\"\",\"store_locator_default_address\":\"\",\"store_locator_name_search\":false,\"store_locator_name_string\":\"\",\"store_locator_not_found_message\":\"\",\"wpgmza_map_align\":\"1\",\"jump_to_nearest_marker_on_initialization\":false,\"automatically_pan_to_users_location\":false,\"override_users_location_zoom_level\":false,\"override_users_location_zoom_levels\":\"\",\"show_distance_from_location\":false,\"map_max_zoom\":\"21\",\"map_min_zoom\":\"0\",\"click_open_link\":false,\"fit_maps_bounds_to_markers\":false,\"fit_maps_bounds_to_markers_after_filtering\":false,\"hide_point_of_interest\":false,\"wpgmza_zoom_on_marker_click\":false,\"wpgmza_zoom_on_marker_click_slider\":\"\",\"close_infowindow_on_map_click\":false,\"disable_lightbox_images\":false,\"use_Raw_Jpeg_Coordinates\":false,\"polygon_labels\":false,\"disable_polygon_info_windows\":false,\"enable_marker_ratings\":false,\"only_load_markers_within_viewport\":false,\"iw_primary_color\":\"#000000\",\"iw_accent_color\":\"#000000\",\"iw_text_color\":\"#000000\",\"wpgmza_listmarkers_by\":\"0\",\"wpgmza_marker_listing_position\":false,\"zoom_level_on_marker_listing_override\":false,\"zoom_level_on_marker_listing_click\":\"\",\"datatable_no_result_message\":\"\",\"remove_search_box_datables\":false,\"dataTable_pagination_style\":null,\"datatable_search_string\":\"\",\"datatable_result_start\":\"\",\"datatable_result_of\":\"\",\"datatable_result_to\":\"\",\"datatable_result_total\":\"\",\"datatable_result_show\":\"\",\"datatable_result_entries\":\"\",\"wpgmza_savemap\":\"Save Map \\u00bb\"}}' data-map-id='1' Data-maps-engine='open-layers' data-shortcode-attributes='{\"id\":\"1\"}' style=\"display:block; overflow:auto; width:100%; height:400px; float:left;\"><\/div><\/div>\n\t\t\t\t<\/div>\n\t\t\t\t<\/div>\n\t\t\t\t\t<\/div>\n\t\t<\/div>\n\t\t\t\t\t\t\t<\/div>\n\t\t<\/section>\n\t\t\t\t\t\t\t<\/div>\n\t\t","protected":false},"excerpt":{"rendered":"<p>AV\u0100RIJAS DIENESTS (\u0101rpus darba laika) T\u0101lr. 26664498 SIA \u201cIk\u0161\u0137iles m\u0101ja\u201d e-pasta adrese: birojs@ikskilesmaja.lv SIA \u201cIk\u0161\u0137iles M\u0101ja\u201d re\u0123istr\u0101cijas Nr.40103416198Juridisk\u0101 adrese Peldu iela 22 , Ik\u0161\u0137ile, LV-5052PVN re\u0123.nr. LV40103416198Banka: AS \u201cSEB banka\u201dKonta nr.: LV44UNLA0050017043444Bankas kods: UNLALV2X ADMINISTR\u0100CIJA Aigars Briedis Valdes priek\u0161s\u0113d\u0113t\u0101js T\u0101lr. 26525838 e-pasta adrese: aigars.briedis@ikskilesmaja.lv Iveta Laganovska Biroja vad\u012bt\u0101ja T\u0101lr. 65030316 e-pasta adrese: birojs@ikskilesmaja.lv Inga Vegnere [&hellip;]<\/p>\n","protected":false},"author":1,"featured_media":0,"parent":0,"menu_order":0,"comment_status":"closed","ping_status":"closed","template":"","meta":{"footnotes":""},"_links":{"self":[{"href":"https:\/\/ikskilesmaja.lv\/index.php?rest_route=\/wp\/v2\/pages\/682"}],"collection":[{"href":"https:\/\/ikskilesmaja.lv\/index.php?rest_route=\/wp\/v2\/pages"}],"about":[{"href":"https:\/\/ikskilesmaja.lv\/index.php?rest_route=\/wp\/v2\/types\/page"}],"author":[{"embeddable":true,"href":"https:\/\/ikskilesmaja.lv\/index.php?rest_route=\/wp\/v2\/users\/1"}],"replies":[{"embeddable":true,"href":"https:\/\/ikskilesmaja.lv\/index.php?rest_route=%2Fwp%2Fv2%2Fcomments&post=682"}],"version-history":[{"count":79,"href":"https:\/\/ikskilesmaja.lv\/index.php?rest_route=\/wp\/v2\/pages\/682\/revisions"}],"predecessor-version":[{"id":2711,"href":"https:\/\/ikskilesmaja.lv\/index.php?rest_route=\/wp\/v2\/pages\/682\/revisions\/2711"}],"wp:attachment":[{"href":"https:\/\/ikskilesmaja.lv\/index.php?rest_route=%2Fwp%2Fv2%2Fmedia&parent=682"}],"curies":[{"name":"wp","href":"https:\/\/api.w.org\/{rel}","templated":true}]}}