{"id":1221,"date":"2022-11-25T10:15:17","date_gmt":"2022-11-25T08:15:17","guid":{"rendered":"https:\/\/ikskilesmaja.lv\/?page_id=1221"},"modified":"2022-12-14T16:30:41","modified_gmt":"2022-12-14T14:30:41","slug":"normativie-akti","status":"publish","type":"page","link":"https:\/\/ikskilesmaja.lv\/?page_id=1221","title":{"rendered":"Normat\u012bvie akti"},"content":{"rendered":"\t\t<div data-elementor-type=\"wp-page\" data-elementor-id=\"1221\" class=\"elementor elementor-1221\">\n\t\t\t\t\t\t\t\t\t<section class=\"elementor-section elementor-top-section elementor-element elementor-element-e08db59 elementor-section-boxed elementor-section-height-default elementor-section-height-default\" data-id=\"e08db59\" data-element_type=\"section\">\n\t\t\t\t\t\t<div class=\"elementor-container elementor-column-gap-default\">\n\t\t\t\t\t<div class=\"elementor-column elementor-col-100 elementor-top-column elementor-element elementor-element-e495de0\" data-id=\"e495de0\" data-element_type=\"column\">\n\t\t\t<div class=\"elementor-widget-wrap elementor-element-populated\">\n\t\t\t\t\t\t\t\t<div class=\"elementor-element elementor-element-48cce92 elementor-widget elementor-widget-text-editor\" data-id=\"48cce92\" data-element_type=\"widget\" data-widget_type=\"text-editor.default\">\n\t\t\t\t<div class=\"elementor-widget-container\">\n\t\t\t<style>\/*! elementor - v3.15.0 - 20-08-2023 *\/\n.elementor-widget-text-editor.elementor-drop-cap-view-stacked .elementor-drop-cap{background-color:#69727d;color:#fff}.elementor-widget-text-editor.elementor-drop-cap-view-framed .elementor-drop-cap{color:#69727d;border:3px solid;background-color:transparent}.elementor-widget-text-editor:not(.elementor-drop-cap-view-default) .elementor-drop-cap{margin-top:8px}.elementor-widget-text-editor:not(.elementor-drop-cap-view-default) .elementor-drop-cap-letter{width:1em;height:1em}.elementor-widget-text-editor .elementor-drop-cap{float:left;text-align:center;line-height:1;font-size:50px}.elementor-widget-text-editor .elementor-drop-cap-letter{display:inline-block}<\/style>\t\t\t\t<ul><li><a href=\"https:\/\/likumi.lv\/ta\/id\/291947-noteikumi-par-decentralizeto-kanalizacijas-sistemu-apsaimniekosanu-un-registresanu\"><b>Ministru kabineta noteikumi Nr.384<\/b><\/a><\/li><li><a href=\"https:\/\/ikskilesmaja.lv\/wp-content\/uploads\/2022\/11\/DecKanalizacijasPakalpojumuSniegsanasKartiba.pdf\"><strong>Ik\u0161\u0137iles novada pa\u0161vald\u012bbas domes saisto\u0161ie noteikumi Nr.21\/2018<\/strong><\/a><\/li><li><strong><a href=\"https:\/\/ikskilesmaja.lv\/wp-content\/uploads\/2022\/12\/Uzt_Specifikacijas_Ogre_2022_FINAL.docx\">Ogres novada ce\u013cu un ielu uztur\u0113\u0161anas darbu specifik\u0101cijas<\/a><\/strong><\/li><\/ul>\t\t\t\t\t\t<\/div>\n\t\t\t\t<\/div>\n\t\t\t\t\t<\/div>\n\t\t<\/div>\n\t\t\t\t\t\t\t<\/div>\n\t\t<\/section>\n\t\t\t\t\t\t\t<\/div>\n\t\t","protected":false},"excerpt":{"rendered":"<p>Ministru kabineta noteikumi Nr.384 Ik\u0161\u0137iles novada pa\u0161vald\u012bbas domes saisto\u0161ie noteikumi Nr.21\/2018 Ogres novada ce\u013cu un ielu uztur\u0113\u0161anas darbu specifik\u0101cijas<\/p>\n","protected":false},"author":1,"featured_media":0,"parent":0,"menu_order":0,"comment_status":"closed","ping_status":"closed","template":"","meta":{"footnotes":""},"_links":{"self":[{"href":"https:\/\/ikskilesmaja.lv\/index.php?rest_route=\/wp\/v2\/pages\/1221"}],"collection":[{"href":"https:\/\/ikskilesmaja.lv\/index.php?rest_route=\/wp\/v2\/pages"}],"about":[{"href":"https:\/\/ikskilesmaja.lv\/index.php?rest_route=\/wp\/v2\/types\/page"}],"author":[{"embeddable":true,"href":"https:\/\/ikskilesmaja.lv\/index.php?rest_route=\/wp\/v2\/users\/1"}],"replies":[{"embeddable":true,"href":"https:\/\/ikskilesmaja.lv\/index.php?rest_route=%2Fwp%2Fv2%2Fcomments&post=1221"}],"version-history":[{"count":19,"href":"https:\/\/ikskilesmaja.lv\/index.php?rest_route=\/wp\/v2\/pages\/1221\/revisions"}],"predecessor-version":[{"id":1246,"href":"https:\/\/ikskilesmaja.lv\/index.php?rest_route=\/wp\/v2\/pages\/1221\/revisions\/1246"}],"wp:attachment":[{"href":"https:\/\/ikskilesmaja.lv\/index.php?rest_route=%2Fwp%2Fv2%2Fmedia&parent=1221"}],"curies":[{"name":"wp","href":"https:\/\/api.w.org\/{rel}","templated":true}]}}